{"id":506,"date":"2020-08-05T21:53:05","date_gmt":"2020-08-05T21:53:05","guid":{"rendered":"https:\/\/forpem.com\/?page_id=506"},"modified":"2024-03-04T16:42:15","modified_gmt":"2024-03-04T16:42:15","slug":"hugo-morales-galindo","status":"publish","type":"page","link":"https:\/\/forpem.com\/en\/hugo-morales-galindo\/","title":{"rendered":"Hugo Morales Galindo"},"content":{"rendered":"<div      class=\"vc_row wpb_row section vc_row-fluid\" style=' text-align:left;'><div class=\"full_section_inner clearfix\"><div class=\"wpb_column vc_column_container vc_col-sm-12\"><div class=\"vc_column-inner\"><div class=\"wpb_wrapper\"><div class=\"vertical_split_slider\"  data-disable-header-skin-change='no'><div class='ms-left'><div class='ms-section' style='background-image:url(https:\/\/forpem.com\/wp-content\/uploads\/2020\/08\/hugo_morales.jpg);text-align:left;' data-header_style='light' ><\/div><\/div><div class='ms-right'><div class='ms-section'  data-header_style='' ><div class='q_elements_holder one_column responsive_mode_from_768' ><div class='q_elements_item' data-1280-1440='39px 90px 0 90px' data-1024-1280='50px 45px 0 45px' data-768-1024='50px 45px 0 45px' data-600-768='30px 20px 0 20px' data-480-600='30px 20px 0 20px' data-480='30px 20px 0 20px' data-animation='no' data-item-class='q_elements_holder_custom_881308'><div class='q_elements_item_inner'><div class='q_elements_item_content q_elements_holder_custom_881308' style='padding:39px 178px 0 161px'>\n\t<div class=\"wpb_text_column wpb_content_element\">\n\t\t<div class=\"wpb_wrapper\">\n\t\t\t<h2>Hugo Morales Galindo<\/h2>\n\n\t\t<\/div> \n\t<\/div> \n\t<div class=\"wpb_text_column wpb_content_element  vc_custom_1596663617743\">\n\t\t<div class=\"wpb_wrapper\">\n\t\t\t<h4>associate<\/h4>\n\n\t\t<\/div> \n\t<\/div> \t<div class=\"vc_empty_space\"  style=\"height: 40px\" ><span\n\t\t\tclass=\"vc_empty_space_inner\">\n\t\t\t<span class=\"empty_space_image\"  ><\/span>\n\t\t<\/span><\/div>\n\n\n\t<div class=\"wpb_text_column wpb_content_element\">\n\t\t<div class=\"wpb_wrapper\">\n\t\t\t<p>He has more than 10 years of experience in civil and commercial litigation before Local and Federal courts. Prior to joining the Firm, Hugo worked in the Mexico City Judiciary having drafted more than 300 judgments in the Court of Appeals. He has a deep understanding on how the courts resolve cases, which is an advantage when defining the legal strategy from procedural and merit perspectives. Hugo holds a cum laude Law Degree from Universidad Nacional Aut\u00f3noma de M\u00e9xico.<\/p>\n\n\t\t<\/div> \n\t<\/div> \t<div class=\"vc_empty_space\"  style=\"height: 25px\" ><span\n\t\t\tclass=\"vc_empty_space_inner\">\n\t\t\t<span class=\"empty_space_image\"  ><\/span>\n\t\t<\/span><\/div>\n\n\n\t<div class=\"wpb_text_column wpb_content_element\">\n\t\t<div class=\"wpb_wrapper\">\n\t\t\t<div><\/div>\n<p><a class=\"info-ficha\" href=\"mailto:hugo.morales@forpem.com\"><img loading=\"lazy\" src=\"https:\/\/forpem.com\/wp-content\/uploads\/2020\/08\/3643777-email-envelope-letter-mail-message_113436.png\" alt=\"\" width=\"23\" height=\"23\" \/> hugo.morales@forpem.com<\/a><\/p>\n<div><\/div>\n<p><a class=\"info-ficha\" href=\"tel:5570380050\"><img loading=\"lazy\" src=\"https:\/\/forpem.com\/wp-content\/uploads\/2020\/08\/png-transparent-address-book-computer-icons-font-awesome-contact-icon-text-logo-web-template.png\" alt=\"\" width=\"23\" height=\"23\" \/>55 7038 0050<\/a><\/p>\n<div><\/div>\n<p><a class=\"info-ficha\" href=\"http:\/\/5570926514\"><img loading=\"lazy\" src=\"https:\/\/forpem.com\/wp-content\/uploads\/2020\/08\/png-transparent-address-book-computer-icons-font-awesome-contact-icon-text-logo-web-template.png\" alt=\"\" width=\"23\" height=\"23\" \/>55\u00a07092\u00a06514<\/a><\/p>\n\n\t\t<\/div> \n\t<\/div> <\/div><\/div><\/div><\/div><\/div><\/div><\/div><\/div><\/div><\/div><\/div><\/div>","protected":false},"excerpt":{"rendered":"Hugo Morales Galindo asociado Tiene m\u00e1s de 10 a\u00f1os de experiencia en amparo, as\u00ed como en litigio civil y mercantil ante tribunales Locales como Federales. Antes de incorporarse a esta Firma, Hugo trabaj\u00f3 en el Poder Judicial de la Ciudad de M\u00e9xico habiendo redactado m\u00e1s...","protected":false},"author":1,"featured_media":0,"parent":0,"menu_order":0,"comment_status":"closed","ping_status":"open","template":"full_width.php","meta":[],"_links":{"self":[{"href":"https:\/\/forpem.com\/en\/wp-json\/wp\/v2\/pages\/506"}],"collection":[{"href":"https:\/\/forpem.com\/en\/wp-json\/wp\/v2\/pages"}],"about":[{"href":"https:\/\/forpem.com\/en\/wp-json\/wp\/v2\/types\/page"}],"author":[{"embeddable":true,"href":"https:\/\/forpem.com\/en\/wp-json\/wp\/v2\/users\/1"}],"replies":[{"embeddable":true,"href":"https:\/\/forpem.com\/en\/wp-json\/wp\/v2\/comments?post=506"}],"version-history":[{"count":12,"href":"https:\/\/forpem.com\/en\/wp-json\/wp\/v2\/pages\/506\/revisions"}],"predecessor-version":[{"id":2161,"href":"https:\/\/forpem.com\/en\/wp-json\/wp\/v2\/pages\/506\/revisions\/2161"}],"wp:attachment":[{"href":"https:\/\/forpem.com\/en\/wp-json\/wp\/v2\/media?parent=506"}],"curies":[{"name":"wp","href":"https:\/\/api.w.org\/{rel}","templated":true}]}}