{"id":469,"date":"2020-08-04T22:03:32","date_gmt":"2020-08-04T22:03:32","guid":{"rendered":"https:\/\/forpem.com\/?page_id=469"},"modified":"2024-03-08T17:02:30","modified_gmt":"2024-03-08T17:02:30","slug":"salvador-fonseca","status":"publish","type":"page","link":"https:\/\/forpem.com\/en\/salvador-fonseca\/","title":{"rendered":"Salvador Fonseca"},"content":{"rendered":"<div      class=\"vc_row wpb_row section vc_row-fluid \" style=' text-align:left;'><div class=\" full_section_inner clearfix\"><div class=\"wpb_column vc_column_container vc_col-sm-12\"><div class=\"vc_column-inner\"><div class=\"wpb_wrapper\"><div class=\"vertical_split_slider\"  data-disable-header-skin-change='no'><div class='ms-left'><div class='ms-section' style='background-image:url(https:\/\/forpem.com\/wp-content\/uploads\/2020\/08\/salva_fonseca.jpg);text-align:left;' data-header_style='light' ><\/div><div class='ms-section'  data-header_style='' ><div class='q_elements_holder one_column responsive_mode_from_768 col-izq-movil' ><div class='q_elements_item ' data-1280-1440='35px 90px 0 90px' data-1024-1280='50px 45px 0 45px' data-768-1024='50px 45px 0 45px' data-600-768='30px 20px 0 20px' data-480-600='30px 20px 0 20px' data-480='30px 20px 0 20px' data-animation='no' data-item-class='q_elements_holder_custom_807024'><div class='q_elements_item_inner'><div class='q_elements_item_content q_elements_holder_custom_807024' style='padding:0px 171px 0 171px'><div class=\"qode-accordion-holder clearfix qode-accordion qode-initial \">\n\t<h5 class=\"clearfix qode-title-holder\">\n<span class=\"qode-tab-title\">\n\t    <span class=\"qode-tab-title-inner\">\n        Reconocimientos    <\/span>\n<\/span>\n<span class=\"qode-accordion-mark\">\n    <span class=\"qode-accordion-mark-icon\">\n        <span class=\"icon_plus\"><\/span>\n        <span class=\"icon_minus-06\"><\/span>\n    <\/span>\n<\/span>\n<\/h5>\n<div  class=\"qode-accordion-content \" >\n    <div class=\"qode-accordion-content-inner\">\n        \n\t<div class=\"wpb_text_column wpb_content_element \">\n\t\t<div class=\"wpb_wrapper\">\n\t\t\t<ul>\n<li><a href=\"https:\/\/chambers.com\/lawyer\/salvador-fonseca-global-2:512545\" target=\"_blank&quot;\" rel=\"noopener noreferrer\">Chambers Latin America \u2013 Latin America&#8217;s Leading Lawyers<\/a><a href=\"https:\/\/chambers.com\/lawyer\/salvador-fonseca-global-2:512545\" target=\"_blank&quot;\" rel=\"noopener noreferrer\"> for Business guide, Dispute Resolution: Arbitration, 2024, 2023, 2022, 2021, 2020, 2019, 2018, 2017, 2016.<\/a><\/li>\n<\/ul>\n<p><a href=\"https:\/\/chambers.com\/lawyer\/salvador-fonseca-global-2:512545\" target=\"_blank&quot;\" rel=\"noopener noreferrer\"><img loading=\"lazy\" class=\"size-full wp-image-610 aligncenter\" src=\"https:\/\/forpem.com\/wp-content\/uploads\/2020\/08\/chambers_logo_4.png\" alt=\"\" width=\"135\" height=\"45\" \/><\/a><\/p>\n<ul>\n<li style=\"padding-top: 25px;\">The Legal 500 Latin America, Dispute Resolution, 2024, 2023, 2022, 2021, 2020, 2019, 2018, 2017, 2016.<\/li>\n<\/ul>\n<p><img loading=\"lazy\" class=\"size-full wp-image-619 aligncenter\" src=\"https:\/\/forpem.com\/wp-content\/uploads\/2020\/08\/legal_500.png\" alt=\"\" width=\"65\" height=\"65\" \/><\/p>\n\n\t\t<\/div> \n\t<\/div>     <\/div>\n<\/div><h5 class=\"clearfix qode-title-holder\">\n<span class=\"qode-tab-title\">\n\t    <span class=\"qode-tab-title-inner\">\n        Membres\u00edas    <\/span>\n<\/span>\n<span class=\"qode-accordion-mark\">\n    <span class=\"qode-accordion-mark-icon\">\n        <span class=\"icon_plus\"><\/span>\n        <span class=\"icon_minus-06\"><\/span>\n    <\/span>\n<\/span>\n<\/h5>\n<div  class=\"qode-accordion-content \" >\n    <div class=\"qode-accordion-content-inner\">\n        \n\t<div class=\"wpb_text_column wpb_content_element \">\n\t\t<div class=\"wpb_wrapper\">\n\t\t\t<ul>\n<li>Miembro del Panel de \u00c1rbitros del Centro Internacional de Resoluci\u00f3n de Disputas (CIRD) y Presidente del Comit\u00e9 Consultivo en M\u00e9xico.<\/li>\n<li>Representante de M\u00e9xico ante la Comisi\u00f3n Mundial de Arbitraje de la C\u00e1mara de Comercio Internacional (CCI).<\/li>\n<li>Miembro de la Comisi\u00f3n de Arbitraje en M\u00e9xico de la CCI y previo miembro del Comit\u00e9 de Propuestas de \u00c1rbitros de CCI M\u00e9xico.<\/li>\n<li>Coordinador del Grupo de Trabajo sobre Arbitraje de la Asociaci\u00f3n Latinoamericana de Derecho de la Construcci\u00f3n.<\/li>\n<li>Miembro de la Comisi\u00f3n de Arbitraje de la C\u00e1mara Nacional de Comercio de la Ciudad de M\u00e9xico (CANACO).<\/li>\n<li>Miembro de la Asociaci\u00f3n Nacional de Abogados de Empresa y Vicecoordinador de su Comit\u00e9 de Resoluci\u00f3n de Disputas.<\/li>\n<li>Miembro de la Barra Mexicana, Colegio de Abogados.<\/li>\n<li>\u00c1rbitro internacional de diversas c\u00e1maras de comercio en Latinoam\u00e9rica.<\/li>\n<\/ul>\n\n\t\t<\/div> \n\t<\/div>     <\/div>\n<\/div><h5 class=\"clearfix qode-title-holder\">\n<span class=\"qode-tab-title\">\n\t    <span class=\"qode-tab-title-inner\">\n        Educaci\u00f3n y academia    <\/span>\n<\/span>\n<span class=\"qode-accordion-mark\">\n    <span class=\"qode-accordion-mark-icon\">\n        <span class=\"icon_plus\"><\/span>\n        <span class=\"icon_minus-06\"><\/span>\n    <\/span>\n<\/span>\n<\/h5>\n<div  class=\"qode-accordion-content \" >\n    <div class=\"qode-accordion-content-inner\">\n        \n\t<div class=\"wpb_text_column wpb_content_element \">\n\t\t<div class=\"wpb_wrapper\">\n\t\t\t<ul>\n<li>New York University School of Law, LL.M., 2000.<br \/>\nNew York University School of Law, The Journal of International Law and Politics, Graduate Editor.<\/li>\n<li>Universidad Panamericana, Estudios de Posgrado en Derecho, 1998.<\/li>\n<li>Universidad de Guadalajara, licenciado en derecho, con honores, 1995.<\/li>\n<li>Profesor de Arbitraje y MASC as\u00ed como de Derecho Procesal Civil y Mercantil en las siguientes universidades: Universidad Panamericana (Ciudad de M\u00e9xico), CIDE (Ciudad de M\u00e9xico), Universidad del Pac\u00edfico (Lima, Per\u00fa).<\/li>\n<\/ul>\n\n\t\t<\/div> \n\t<\/div>     <\/div>\n<\/div><\/div><\/div><\/div><\/div><\/div><a  itemprop=\"url\" href=\"https:\/\/forpem.com\/wp-content\/uploads\/2024\/03\/FOROYPE_SALVADOR-FONSECA-ESPANOL-2.pdf\" target=\"_blank\"  class=\"qbutton  default fix-padding-socios btn-espanol\" style=\"margin: 0 0 0 171px; \">Ver perfil +<\/a><div class=\"separator  normal   \" style=\"margin-top: 5pxpx;background-color: #f6f6f6;\"><\/div>\n<a  itemprop=\"url\" href=\"https:\/\/forpem.com\/wp-content\/uploads\/2024\/03\/FOROYPE_SALVADOR-FONSECA-INGLES-1.pdf\" target=\"_blank\"  class=\"qbutton  default fix-padding-socios btn-ingles\" style=\"margin: 0 0 0 171px; \">View profile +<\/a><\/div><\/div><div class='ms-right'><div class='ms-section'  data-header_style='' ><div class='q_elements_holder one_column responsive_mode_from_768 col-movil-right' ><div class='q_elements_item col-movil-right2' data-1280-1440='39px 90px 0 90px' data-1024-1280='50px 45px 0 45px' data-768-1024='50px 45px 0 45px' data-600-768='30px 20px 0 20px' data-480-600='30px 20px 0 20px' data-480='30px 20px 0 20px' data-animation='no' data-item-class='q_elements_holder_custom_729469'><div class='q_elements_item_inner'><div class='q_elements_item_content q_elements_holder_custom_729469' style='padding:39px 178px 0 161px'>\n\t<div class=\"wpb_text_column wpb_content_element \">\n\t\t<div class=\"wpb_wrapper\">\n\t\t\t<h2>SALVADOR FONSECA GONZ\u00c1LEZ<\/h2>\n\n\t\t<\/div> \n\t<\/div> \n\t<div class=\"wpb_text_column wpb_content_element  vc_custom_1597672979797\">\n\t\t<div class=\"wpb_wrapper\">\n\t\t\t<h4>socio<\/h4>\n\n\t\t<\/div> \n\t<\/div> \t<div class=\"vc_empty_space\"  style=\"height: 40px\" ><span\n\t\t\tclass=\"vc_empty_space_inner\">\n\t\t\t<span class=\"empty_space_image\"  ><\/span>\n\t\t<\/span><\/div>\n\n\n\t<div class=\"wpb_text_column wpb_content_element \">\n\t\t<div class=\"wpb_wrapper\">\n\t\t\t<p>28+ a\u00f1os de experiencia como postulante y \u00e1rbitro.<\/p>\n<p>Ha participado en arbitrajes internacionales y<br \/>\nlocales bajo reglamentos de (o administrados por) CNUDMI, CCI, ICDR, AAA, LCIA, CPA, CIADI, IACAC, CANACO y CAM.<br \/>\nEs experto en Comit\u00e9s de Disputas y otros MASC<\/p>\n<p>Ha litigado asuntos que han sentado precedente en M\u00e9xico y casos ante la Suprema Corte de Justicia de la Naci\u00f3n.<\/p>\n\n\t\t<\/div> \n\t<\/div> \t<div class=\"vc_empty_space\"  style=\"height: 25px\" ><span\n\t\t\tclass=\"vc_empty_space_inner\">\n\t\t\t<span class=\"empty_space_image\"  ><\/span>\n\t\t<\/span><\/div>\n\n\n\t<div class=\"wpb_text_column wpb_content_element \">\n\t\t<div class=\"wpb_wrapper\">\n\t\t\t<div><\/div>\n<p><a class=\"info-ficha\" href=\"mailto:salvador.fonseca@forpem.com\"><img loading=\"lazy\" src=\"https:\/\/forpem.com\/wp-content\/uploads\/2020\/08\/3643777-email-envelope-letter-mail-message_113436.png\" alt=\"\" width=\"23\" height=\"23\" \/> salvador.fonseca@forpem.com<\/a><\/p>\n<div><\/div>\n<p><a class=\"info-ficha\" href=\"tel:5570380050\"><img loading=\"lazy\" src=\"https:\/\/forpem.com\/wp-content\/uploads\/2020\/08\/png-transparent-address-book-computer-icons-font-awesome-contact-icon-text-logo-web-template.png&quot;\" alt=\"\" width=\"23\" height=\"23\" \/>55 7038 0050<\/a><\/p>\n<div><\/div>\n<p><a class=\"info-ficha\" href=\"tel:5570926514\"><img loading=\"lazy\" src=\"https:\/\/forpem.com\/wp-content\/uploads\/2020\/08\/png-transparent-address-book-computer-icons-font-awesome-contact-icon-text-logo-web-template.png\" alt=\"\" width=\"23\" height=\"23\" \/>55 7092 6514<\/a><\/p>\n\n\t\t<\/div> \n\t<\/div> \n\t<div class=\"wpb_single_image wpb_content_element vc_align_left\">\n\t\t<div class=\"wpb_wrapper\">\n\t\t\t\n\t\t\t<a href=\"https:\/\/mx.linkedin.com\/in\/salvadorfonseca\" target=\"_blank\"><div class=\"vc_single_image-wrapper   vc_box_border_grey\"><img width=\"34\" height=\"29\" src=\"https:\/\/forpem.com\/wp-content\/uploads\/2020\/08\/linked_in_logo.png\" class=\"vc_single_image-img attachment-full\" alt=\"\" loading=\"lazy\" \/><\/div><\/a>\n\t\t<\/div>\n\t<\/div>\n<\/div><\/div><\/div><\/div><\/div><div class='ms-section' style='background-image:url(https:\/\/forpem.com\/wp-content\/uploads\/2020\/08\/back_white.jpg);text-align:left;' data-header_style='' >\n\t<div class=\"wpb_single_image wpb_content_element vc_align_center\">\n\t\t<div class=\"wpb_wrapper\">\n\t\t\t\n\t\t\t<div class=\"vc_single_image-wrapper   vc_box_border_grey\"><img width=\"500\" height=\"500\" src=\"https:\/\/forpem.com\/wp-content\/uploads\/2022\/11\/FOROYPE-Gif-Salvador-ESP-sin-fondo.gif\" class=\"vc_single_image-img attachment-full\" alt=\"\" loading=\"lazy\" \/><\/div>\n\t\t<\/div>\n\t<\/div>\n<\/div><\/div><\/div><\/div><\/div><\/div><\/div><\/div><div      class=\"vc_row wpb_row section vc_row-fluid \" style=' text-align:left;'><div class=\" full_section_inner clearfix\"><div class=\"wpb_column vc_column_container vc_col-sm-12\"><div class=\"vc_column-inner\"><div class=\"wpb_wrapper\">\n\t<div class=\"wpb_text_column wpb_content_element \">\n\t\t<div class=\"wpb_wrapper\">\n\t\t\t\n\t\t<\/div> \n\t<\/div> <\/div><\/div><\/div><\/div><\/div><div      class=\"vc_row wpb_row section vc_row-fluid \" style=' text-align:left;'><div class=\" full_section_inner clearfix\"><div class=\"wpb_column vc_column_container vc_col-sm-12\"><div class=\"vc_column-inner\"><div class=\"wpb_wrapper\">\n\t<div class=\"wpb_raw_code wpb_raw_js\" >\n\t\t<div class=\"wpb_wrapper\">\n\t\t\t<script>\nfunction setButtonsMargin() {\nvar origin = document.getElementsByClassName(\"q_elements_item_content\");\nif (origin[0]) {\nvar style = getComputedStyle(origin[0]);\nvar buttons = document.getElementsByClassName(\"fix-padding-socios\");\nvar i;\nfor (i = 0; i < buttons.length; i++) {\nbuttons[i].style.marginLeft = style.paddingLeft;\nif (i === 0) {\nbuttons[i].style.marginTop = \"10px\";\n}\n}\n}\n}\n\ndocument.addEventListener('DOMContentLoaded', function () {\nsetButtonsMargin();\n}, false);\ndocument.addEventListener('resize', function () {\nsetButtonsMargin();\n}, false);\n<\/script>\n\t\t<\/div>\n\t<\/div>\n<\/div><\/div><\/div><\/div><\/div>\n","protected":false},"excerpt":{"rendered":"Reconocimientos Chambers Latin America \u2013 Latin America's Leading Lawyers for Business guide, Dispute Resolution: Arbitration, 2024, 2023, 2022, 2021, 2020, 2019, 2018, 2017, 2016. The Legal 500 Latin America, Dispute Resolution, 2024, 2023, 2022, 2021, 2020, 2019, 2018, 2017, 2016. Membres\u00edas Miembro del Panel de...","protected":false},"author":1,"featured_media":0,"parent":0,"menu_order":0,"comment_status":"closed","ping_status":"open","template":"full_width.php","meta":[],"_links":{"self":[{"href":"https:\/\/forpem.com\/en\/wp-json\/wp\/v2\/pages\/469"}],"collection":[{"href":"https:\/\/forpem.com\/en\/wp-json\/wp\/v2\/pages"}],"about":[{"href":"https:\/\/forpem.com\/en\/wp-json\/wp\/v2\/types\/page"}],"author":[{"embeddable":true,"href":"https:\/\/forpem.com\/en\/wp-json\/wp\/v2\/users\/1"}],"replies":[{"embeddable":true,"href":"https:\/\/forpem.com\/en\/wp-json\/wp\/v2\/comments?post=469"}],"version-history":[{"count":109,"href":"https:\/\/forpem.com\/en\/wp-json\/wp\/v2\/pages\/469\/revisions"}],"predecessor-version":[{"id":2232,"href":"https:\/\/forpem.com\/en\/wp-json\/wp\/v2\/pages\/469\/revisions\/2232"}],"wp:attachment":[{"href":"https:\/\/forpem.com\/en\/wp-json\/wp\/v2\/media?parent=469"}],"curies":[{"name":"wp","href":"https:\/\/api.w.org\/{rel}","templated":true}]}}