{"id":348,"date":"2017-10-10T14:59:00","date_gmt":"2017-10-10T14:59:00","guid":{"rendered":"http:\/\/bridge98.qodeinteractive.com\/?page_id=2"},"modified":"2024-06-06T21:25:04","modified_gmt":"2024-06-06T21:25:04","slug":"home","status":"publish","type":"page","link":"https:\/\/forpem.com\/en\/home\/","title":{"rendered":"About Us"},"content":{"rendered":"<div      class=\"vc_row wpb_row section vc_row-fluid\" style=' text-align:left;'><div class=\"full_section_inner clearfix\"><div class=\"wpb_column vc_column_container vc_col-sm-12\"><div class=\"vc_column-inner\"><div class=\"wpb_wrapper\"><div class=\"vertical_split_slider\"  data-disable-header-skin-change='no'><div class='ms-left'><div class='ms-section' style='background-image:url();text-align:left;' data-header_style='' ><div class='q_elements_holder one_column responsive_mode_from_768' ><div class='q_elements_item' data-1280-1440='50px 90px 0 90px' data-1024-1280='50px 45px 0 45px' data-768-1024='50px 45px 0 45px' data-600-768='30px 20px 0 20px' data-480-600='30px 20px 0 20px' data-480='30px 20px 0 20px' data-animation='no' data-item-class='q_elements_holder_custom_853179'><div class='q_elements_item_inner'><div class='q_elements_item_content q_elements_holder_custom_853179' style='padding:30px 196px 0 164px'>\n\t<div class=\"wpb_text_column wpb_content_element\">\n\t\t<div class=\"wpb_wrapper\">\n\t\t\t<h2>WE ARE A LEGAL BOUTIQUE IN MEXICO<\/h2>\n\n\t\t<\/div> \n\t<\/div> \t<div class=\"vc_empty_space\"  style=\"height: 18px\" ><span\n\t\t\tclass=\"vc_empty_space_inner\">\n\t\t\t<span class=\"empty_space_image\"  ><\/span>\n\t\t<\/span><\/div>\n\n\n\t<div class=\"wpb_text_column wpb_content_element\">\n\t\t<div class=\"wpb_wrapper\">\n\t\t\t<p><span style=\"font-size: 18px;\">focused on assisting and representing our clients in<\/span><span style=\"font-weight: 800; font-size: 18px;\">\u00a0litigation, arbitration and other alternative dispute resolution procedures<\/span><span style=\"font-weight: 900; font-size: 32px; color: #86bc25;\">.<\/span><\/p>\n<p>&nbsp;<\/p>\n<p><span style=\"font-size: 18px;\">We advise our clients on preventing conflicts, but if they have them, we know how to win.<\/span><\/p>\n\n\t\t<\/div> \n\t<\/div> \t<div class=\"vc_empty_space\"  style=\"height: 33px\" ><span\n\t\t\tclass=\"vc_empty_space_inner\">\n\t\t\t<span class=\"empty_space_image\"  ><\/span>\n\t\t<\/span><\/div>\n\n\n\n\t<a href=\"https:\/\/forpem.com\/en\/?page_id=562\" target=\"_self\" style=\"color: #ffffff;background-color: #86bc25;font-size: 17px;font-weight: 600;margin: 0 0 0 0\" class=\"qode-btn qode-btn-medium qode-btn-solid qode-btn-custom-hover-bg qode-btn-custom-hover-color qode-btn-custom-icon-bg-hover-color qode-btn-icon qodef-btn-icon-square qode-btn-icon-rotate\" data-hover-bg-color=\"#638c20\" data-hover-color=\"#ffffff\" >\n\t    <span class=\"qode-btn-text\">Areas of practice<\/span><span class=\"qode-button-v2-icon-holder\" style=\"font-size: 26px;border-color: #638c20;background-color: #638c20\" data-hover-icon-border-color=\"#638c20\" data-hover-icon-bg-color=\"#86bc25\"><span aria-hidden=\"true\" class=\"qode_icon_font_elegant icon_plus qode-button-v2-icon-holder-inner\" ><\/span><\/span>\t<\/a>\n\n\t<div class=\"vc_empty_space\"  style=\"height: 10px\" ><span\n\t\t\tclass=\"vc_empty_space_inner\">\n\t\t\t<span class=\"empty_space_image\"  ><\/span>\n\t\t<\/span><\/div>\n\n\n\n\t<a href=\"https:\/\/forpem.com\/wp-content\/uploads\/2024\/03\/FORPEM-Brochure-ENGLISH.pdf\" target=\"_blank\" style=\"color: #ffffff;background-color: #86bc25;font-size: 17px;font-weight: 600;margin: 0000\" class=\"qode-btn qode-btn-medium qode-btn-solid qode-btn-custom-hover-bg qode-btn-custom-hover-color qode-btn-custom-icon-bg-hover-color qode-btn-icon btn-ingles qodef-btn-icon-square qode-btn-icon-rotate\" data-hover-bg-color=\"#638c20\" data-hover-color=\"#ffffff\" >\n\t    <span class=\"qode-btn-text\">Brochure<\/span><span class=\"qode-button-v2-icon-holder\" style=\"font-size: 26px;border-color: #638c20;background-color: #638c20\" data-hover-icon-border-color=\"#638c20\" data-hover-icon-bg-color=\"#86bc25\"><span aria-hidden=\"true\" class=\"qode_icon_font_elegant icon_plus qode-button-v2-icon-holder-inner\" ><\/span><\/span>\t<\/a>\n\n\t<div class=\"vc_empty_space\"  style=\"height: 10px\" ><span\n\t\t\tclass=\"vc_empty_space_inner\">\n\t\t\t<span class=\"empty_space_image\"  ><\/span>\n\t\t<\/span><\/div>\n\n\n\n\t<a href=\"https:\/\/forpem.com\/wp-content\/uploads\/2024\/06\/FORPEM-Brochure-ESPANOL.pdf\" target=\"_blank\" style=\"color: #ffffff;background-color: #86bc25;font-size: 17px;font-weight: 600;margin: 0000\" class=\"qode-btn qode-btn-medium qode-btn-solid qode-btn-custom-hover-bg qode-btn-custom-hover-color qode-btn-custom-icon-bg-hover-color qode-btn-icon btn-espanol qodef-btn-icon-square qode-btn-icon-rotate\" data-hover-bg-color=\"#638c20\" data-hover-color=\"#ffffff\" >\n\t    <span class=\"qode-btn-text\">Brochure<\/span><span class=\"qode-button-v2-icon-holder\" style=\"font-size: 26px;border-color: #638c20;background-color: #638c20\" data-hover-icon-border-color=\"#638c20\" data-hover-icon-bg-color=\"#86bc25\"><span aria-hidden=\"true\" class=\"qode_icon_font_elegant icon_plus qode-button-v2-icon-holder-inner\" ><\/span><\/span>\t<\/a>\n\n<\/div><\/div><\/div><\/div><\/div><\/div><div class='ms-right'><div class='ms-section' style='background-image:url(https:\/\/forpem.com\/wp-content\/uploads\/2020\/08\/fonseca-bg-socios.jpg);text-align:left;' data-header_style='light' ><div class='q_elements_holder one_column responsive_mode_from_768' ><div class='q_elements_item helper-padding' data-1280-1440='0px 0px 0px 0px' data-1024-1280='50px 45px 0 45px' data-768-1024='50px 45px 0 45px' data-600-768='30px 20px 0 20px' data-480-600='30px 200px 0 200px' data-480='30px 20px 0 20px' data-animation='no' data-item-class='q_elements_holder_custom_605347'><div class='q_elements_item_inner'><div class='q_elements_item_content q_elements_holder_custom_605347'>\n\t<div class=\"wpb_text_column wpb_content_element\">\n\t\t<div class=\"wpb_wrapper\">\n\t\t\t<h3 class=\"\" style=\"font-size: 35px; color: #638c20;\">Partners<\/h3>\n\n\t\t<\/div> \n\t<\/div> \t<div class=\"vc_empty_space\"  style=\"height: 40px\" ><span\n\t\t\tclass=\"vc_empty_space_inner\">\n\t\t\t<span class=\"empty_space_image\"  ><\/span>\n\t\t<\/span><\/div>\n\n<div class=\"qode-advanced-image-gallery  qode-aig-grid-type qode-tiny-space  qode-image-behavior-custom-link\">\n\t<div class=\"qode-aig-inner qode-outer-space qode-aig-grid qode-aig-three-columns\">\n\t\t\t\t\t<div class=\"qode-aig-image qode-item-space\">\n\t\t\t\t<div class=\"qode-aig-image-inner\">\n\t\t\t\t\t\t\t\t\t\t\t<a itemprop=\"url\" class=\"qode-aig-custom-link\" href=\"https:\/\/forpem.com\/en\/?page_id=469\" target=\"_self\" title=\"salvador-fonseca-gzlz-3\">\n\t\t\t\t\t\t\t\t\t\t\t<img src=\"https:\/\/forpem.com\/wp-content\/uploads\/2022\/07\/salvador-fonseca-gzlz-3-260x385.png\" alt=\"\" width=\"260\" height=\"385\" \/>\t\t\t\t\t\t<span class=\"aig-gallery-hover\">\n\t\t\t\t\t\t\t\t\t\t\t\t\t<\/span>\n\t\t\t\t\t\t\t\t\t\t\t<\/a>\n\t\t\t\t\t\t\t\t\t<\/div>\n\t\t\t<\/div>\n\t\t\t\t\t<div class=\"qode-aig-image qode-item-space\">\n\t\t\t\t<div class=\"qode-aig-image-inner\">\n\t\t\t\t\t\t\t\t\t\t\t<a itemprop=\"url\" class=\"qode-aig-custom-link\" href=\"https:\/\/forpem.com\/en\/?page_id=474\" target=\"_self\" title=\"2_1_sergio\">\n\t\t\t\t\t\t\t\t\t\t\t<img src=\"https:\/\/forpem.com\/wp-content\/uploads\/2020\/08\/2_1_sergio-260x385.png\" alt=\"\" width=\"260\" height=\"385\" \/>\t\t\t\t\t\t<span class=\"aig-gallery-hover\">\n\t\t\t\t\t\t\t\t\t\t\t\t\t<\/span>\n\t\t\t\t\t\t\t\t\t\t\t<\/a>\n\t\t\t\t\t\t\t\t\t<\/div>\n\t\t\t<\/div>\n\t\t\t\t\t<div class=\"qode-aig-image qode-item-space\">\n\t\t\t\t<div class=\"qode-aig-image-inner\">\n\t\t\t\t\t\t\t\t\t\t\t<a itemprop=\"url\" class=\"qode-aig-custom-link\" href=\"https:\/\/forpem.com\/en\/?page_id=482\" target=\"_self\" title=\"3_1_antonio\">\n\t\t\t\t\t\t\t\t\t\t\t<img src=\"https:\/\/forpem.com\/wp-content\/uploads\/2020\/08\/3_1_antonio-260x385.png\" alt=\"\" width=\"260\" height=\"385\" \/>\t\t\t\t\t\t<span class=\"aig-gallery-hover\">\n\t\t\t\t\t\t\t\t\t\t\t\t\t<\/span>\n\t\t\t\t\t\t\t\t\t\t\t<\/a>\n\t\t\t\t\t\t\t\t\t<\/div>\n\t\t\t<\/div>\n\t\t\t<\/div>\n<\/div>\t<div class=\"vc_empty_space\"  style=\"height: 90px\" ><span\n\t\t\tclass=\"vc_empty_space_inner\">\n\t\t\t<span class=\"empty_space_image\"  ><\/span>\n\t\t<\/span><\/div>\n\n\n\t<div class=\"wpb_text_column wpb_content_element  vc_custom_1659969249086\">\n\t\t<div class=\"wpb_wrapper\">\n\t\t\t<div style=\"width: 100%; height: auto;\">\n<div style=\"width: 50%; float: left;\">\n<p style=\"font-size: 30px; font-weight: bold;\"><a class=\"back-btn\" href=\"https:\/\/forpem.com\/en\/asociados\/\">Associates &gt;<\/a><\/p>\n<\/div>\n<div style=\"width: 50%; float: left; text-align: right;\">\n<p style=\"font-size: 30px; font-weight: bold;\"><a class=\"back-btn\" href=\"https:\/\/forpem.com\/en\/administrativos\/\">Staff &gt;<\/a><\/p>\n<\/div>\n<\/div>\n\n\t\t<\/div> \n\t<\/div> <\/div><\/div><\/div><\/div><\/div><\/div><\/div><\/div><\/div><\/div><\/div><\/div><div      class=\"vc_row wpb_row section vc_row-fluid\" style=' text-align:left;'><div class=\"full_section_inner clearfix\"><div class=\"wpb_column vc_column_container vc_col-sm-12\"><div class=\"vc_column-inner\"><div class=\"wpb_wrapper\">\n\t<div class=\"wpb_text_column wpb_content_element\">\n\t\t<div class=\"wpb_wrapper\">\n\t\t\t\n\t\t<\/div> \n\t<\/div> <\/div><\/div><\/div><\/div><\/div>","protected":false},"excerpt":{"rendered":"Somos una boutique legal en M\u00e9xico enfocada en asesorar y representar a nuestros clientes\u00a0en litigio, arbitraje y otros medios alternativos de soluci\u00f3n de disputas. &nbsp; Asesoramos a nuestros clientes para prevenir conflictos pero, si los tienen, sabemos ganar. \u00c1reas de pr\u00e1ctica Brochure Brochure Socios Asociados...","protected":false},"author":1,"featured_media":0,"parent":0,"menu_order":0,"comment_status":"closed","ping_status":"closed","template":"full_width.php","meta":[],"_links":{"self":[{"href":"https:\/\/forpem.com\/en\/wp-json\/wp\/v2\/pages\/348"}],"collection":[{"href":"https:\/\/forpem.com\/en\/wp-json\/wp\/v2\/pages"}],"about":[{"href":"https:\/\/forpem.com\/en\/wp-json\/wp\/v2\/types\/page"}],"author":[{"embeddable":true,"href":"https:\/\/forpem.com\/en\/wp-json\/wp\/v2\/users\/1"}],"replies":[{"embeddable":true,"href":"https:\/\/forpem.com\/en\/wp-json\/wp\/v2\/comments?post=348"}],"version-history":[{"count":180,"href":"https:\/\/forpem.com\/en\/wp-json\/wp\/v2\/pages\/348\/revisions"}],"predecessor-version":[{"id":2253,"href":"https:\/\/forpem.com\/en\/wp-json\/wp\/v2\/pages\/348\/revisions\/2253"}],"wp:attachment":[{"href":"https:\/\/forpem.com\/en\/wp-json\/wp\/v2\/media?parent=348"}],"curies":[{"name":"wp","href":"https:\/\/api.w.org\/{rel}","templated":true}]}}