{"id":1698,"date":"2022-06-29T16:25:28","date_gmt":"2022-06-29T16:25:28","guid":{"rendered":"https:\/\/forpem.com\/?page_id=1698"},"modified":"2024-03-04T17:39:22","modified_gmt":"2024-03-04T17:39:22","slug":"veronica-chavarria","status":"publish","type":"page","link":"https:\/\/forpem.com\/en\/veronica-chavarria\/","title":{"rendered":"Ver\u00f3nica Chavarr\u00eda Gonz\u00e1lez"},"content":{"rendered":"<div      class=\"vc_row wpb_row section vc_row-fluid\" style=' text-align:left;'><div class=\"full_section_inner clearfix\"><div class=\"wpb_column vc_column_container vc_col-sm-12\"><div class=\"vc_column-inner\"><div class=\"wpb_wrapper\"><div class=\"vertical_split_slider\"  data-disable-header-skin-change='no'><div class='ms-left'><div class='ms-section' style='background-image:url(https:\/\/forpem.com\/wp-content\/uploads\/2022\/06\/veronica_chavarria.jpg);text-align:left;' data-header_style='light' ><\/div><\/div><div class='ms-right'><div class='ms-section'  data-header_style='' ><div class='q_elements_holder one_column responsive_mode_from_768' ><div class='q_elements_item' data-1280-1440='39px 90px 0 90px' data-1024-1280='50px 45px 0 45px' data-768-1024='50px 45px 0 45px' data-600-768='30px 20px 0 20px' data-480-600='30px 20px 0 20px' data-480='30px 20px 0 20px' data-animation='no' data-item-class='q_elements_holder_custom_244743'><div class='q_elements_item_inner'><div class='q_elements_item_content q_elements_holder_custom_244743' style='padding:39px 178px 0 161px'>\n\t<div class=\"wpb_text_column wpb_content_element\">\n\t\t<div class=\"wpb_wrapper\">\n\t\t\t<h2>Ver\u00f3nica Chavarr\u00eda Gonz\u00e1lez<\/h2>\n\n\t\t<\/div> \n\t<\/div> \n\t<div class=\"wpb_text_column wpb_content_element  vc_custom_1660597332081\">\n\t\t<div class=\"wpb_wrapper\">\n\t\t\t<h4 style=\"display: none;\">associate<\/h4>\n\n\t\t<\/div> \n\t<\/div> \t<div class=\"vc_empty_space\"  style=\"height: 40px\" ><span\n\t\t\tclass=\"vc_empty_space_inner\">\n\t\t\t<span class=\"empty_space_image\"  ><\/span>\n\t\t<\/span><\/div>\n\n\n\t<div class=\"wpb_text_column wpb_content_element\">\n\t\t<div class=\"wpb_wrapper\">\n\t\t\t<p>Public Accountant from the Higher School of Commerce and Administration of the National Polytechnic Institute, with a master's degree in Comptrollership from the Pan-American University and specialties in taxes.<br \/>\n22 years of experience in various global companies and law firms.<\/p>\n\n\t\t<\/div> \n\t<\/div> \t<div class=\"vc_empty_space\"  style=\"height: 25px\" ><span\n\t\t\tclass=\"vc_empty_space_inner\">\n\t\t\t<span class=\"empty_space_image\"  ><\/span>\n\t\t<\/span><\/div>\n\n\n\t<div class=\"wpb_text_column wpb_content_element\">\n\t\t<div class=\"wpb_wrapper\">\n\t\t\t<div><\/div>\n<p><a class=\"info-ficha\" href=\"mailto:finanzas@forpem.com\"><img loading=\"lazy\" src=\"https:\/\/forpem.com\/wp-content\/uploads\/2020\/08\/3643777-email-envelope-letter-mail-message_113436.png\" alt=\"\" width=\"23\" height=\"23\" \/> finanzas@forpem.com<\/a><\/p>\n<div><\/div>\n<p><a class=\"info-ficha\" href=\"tel:5570380050\"><img loading=\"lazy\" src=\"https:\/\/forpem.com\/wp-content\/uploads\/2020\/08\/png-transparent-address-book-computer-icons-font-awesome-contact-icon-text-logo-web-template.png\" alt=\"\" width=\"23\" height=\"23\" \/>55 7038 0050<\/a><\/p>\n<div><\/div>\n<p><a class=\"info-ficha\" href=\"http:\/\/5570926514\"><img loading=\"lazy\" src=\"https:\/\/forpem.com\/wp-content\/uploads\/2020\/08\/png-transparent-address-book-computer-icons-font-awesome-contact-icon-text-logo-web-template.png\" alt=\"\" width=\"23\" height=\"23\" \/>55\u00a07092\u00a06514<\/a><\/p>\n\n\t\t<\/div> \n\t<\/div> <\/div><\/div><\/div><\/div><\/div><\/div><\/div><\/div><\/div><\/div><\/div><\/div>","protected":false},"excerpt":{"rendered":"Ver\u00f3nica Chavarr\u00eda Gonz\u00e1lez asociado Contadora P\u00fablica por la Escuela Superior de Comercio y Administraci\u00f3n del Instituto Polit\u00e9cnico Nacional, con maestr\u00eda en Contralor\u00eda por la Universidad Panamericana y especialidades en impuestos. 22 a\u00f1os de experiencia en diversas empresas globales y despachos de abogados finanzas@forpem.com 55 7038...","protected":false},"author":1,"featured_media":0,"parent":0,"menu_order":0,"comment_status":"closed","ping_status":"closed","template":"full_width.php","meta":[],"_links":{"self":[{"href":"https:\/\/forpem.com\/en\/wp-json\/wp\/v2\/pages\/1698"}],"collection":[{"href":"https:\/\/forpem.com\/en\/wp-json\/wp\/v2\/pages"}],"about":[{"href":"https:\/\/forpem.com\/en\/wp-json\/wp\/v2\/types\/page"}],"author":[{"embeddable":true,"href":"https:\/\/forpem.com\/en\/wp-json\/wp\/v2\/users\/1"}],"replies":[{"embeddable":true,"href":"https:\/\/forpem.com\/en\/wp-json\/wp\/v2\/comments?post=1698"}],"version-history":[{"count":10,"href":"https:\/\/forpem.com\/en\/wp-json\/wp\/v2\/pages\/1698\/revisions"}],"predecessor-version":[{"id":2177,"href":"https:\/\/forpem.com\/en\/wp-json\/wp\/v2\/pages\/1698\/revisions\/2177"}],"wp:attachment":[{"href":"https:\/\/forpem.com\/en\/wp-json\/wp\/v2\/media?parent=1698"}],"curies":[{"name":"wp","href":"https:\/\/api.w.org\/{rel}","templated":true}]}}