{"id":1684,"date":"2022-06-29T15:52:33","date_gmt":"2022-06-29T15:52:33","guid":{"rendered":"https:\/\/forpem.com\/?page_id=1684"},"modified":"2024-03-04T17:31:30","modified_gmt":"2024-03-04T17:31:30","slug":"david-armando-mellado-zamudio","status":"publish","type":"page","link":"https:\/\/forpem.com\/en\/david-armando-mellado-zamudio\/","title":{"rendered":"David Armando Mellado Zamudio"},"content":{"rendered":"<div      class=\"vc_row wpb_row section vc_row-fluid\" style=' text-align:left;'><div class=\"full_section_inner clearfix\"><div class=\"wpb_column vc_column_container vc_col-sm-12\"><div class=\"vc_column-inner\"><div class=\"wpb_wrapper\"><div class=\"vertical_split_slider\"  data-disable-header-skin-change='no'><div class='ms-left'><div class='ms-section' style='background-image:url(https:\/\/forpem.com\/wp-content\/uploads\/2022\/06\/david_mellado.jpg);text-align:left;' data-header_style='light' ><\/div><\/div><div class='ms-right'><div class='ms-section'  data-header_style='' ><div class='q_elements_holder one_column responsive_mode_from_768' ><div class='q_elements_item' data-1280-1440='39px 90px 0 90px' data-1024-1280='50px 45px 0 45px' data-768-1024='50px 45px 0 45px' data-600-768='30px 20px 0 20px' data-480-600='30px 20px 0 20px' data-480='30px 20px 0 20px' data-animation='no' data-item-class='q_elements_holder_custom_625169'><div class='q_elements_item_inner'><div class='q_elements_item_content q_elements_holder_custom_625169' style='padding:39px 178px 0 161px'>\n\t<div class=\"wpb_text_column wpb_content_element\">\n\t\t<div class=\"wpb_wrapper\">\n\t\t\t<h2>David Armando Mellado Zamudio<\/h2>\n\n\t\t<\/div> \n\t<\/div> \n\t<div class=\"wpb_text_column wpb_content_element  vc_custom_1596663617743\">\n\t\t<div class=\"wpb_wrapper\">\n\t\t\t<h4>associate<\/h4>\n\n\t\t<\/div> \n\t<\/div> \t<div class=\"vc_empty_space\"  style=\"height: 40px\" ><span\n\t\t\tclass=\"vc_empty_space_inner\">\n\t\t\t<span class=\"empty_space_image\"  ><\/span>\n\t\t<\/span><\/div>\n\n\n\t<div class=\"wpb_text_column wpb_content_element\">\n\t\t<div class=\"wpb_wrapper\">\n\t\t\t<p>Graduated in Law with honors from the Faculty of Law of the National Autonomous University of Mexico.<br \/>\nProfessional experience of more than 9 years focused mainly on civil, commercial and amparo litigation, as well as in the financial sector.<\/p>\n\n\t\t<\/div> \n\t<\/div> \t<div class=\"vc_empty_space\"  style=\"height: 25px\" ><span\n\t\t\tclass=\"vc_empty_space_inner\">\n\t\t\t<span class=\"empty_space_image\"  ><\/span>\n\t\t<\/span><\/div>\n\n\n\t<div class=\"wpb_text_column wpb_content_element\">\n\t\t<div class=\"wpb_wrapper\">\n\t\t\t<p><a class=\"info-ficha\" href=\"mailto:david.mellado@forpem.com\"><img loading=\"lazy\" src=\"https:\/\/forpem.com\/wp-content\/uploads\/2020\/08\/3643777-email-envelope-letter-mail-message_113436.png\" alt=\"\" width=\"23\" height=\"23\" \/> david.mellado@forpem.com<\/a><\/p>\n<div><\/div>\n<p><a class=\"info-ficha\" href=\"tel:5570380050\"><img loading=\"lazy\" src=\"https:\/\/forpem.com\/wp-content\/uploads\/2020\/08\/png-transparent-address-book-computer-icons-font-awesome-contact-icon-text-logo-web-template.png\" alt=\"\" width=\"23\" height=\"23\" \/>55 7038 0050<\/a><\/p>\n<div><\/div>\n<p><a class=\"info-ficha\" href=\"http:\/\/5570926514\"><img loading=\"lazy\" src=\"https:\/\/forpem.com\/wp-content\/uploads\/2020\/08\/png-transparent-address-book-computer-icons-font-awesome-contact-icon-text-logo-web-template.png\" alt=\"\" width=\"23\" height=\"23\" \/>55\u00a07092\u00a06514<\/a><\/p>\n\n\t\t<\/div> \n\t<\/div> <\/div><\/div><\/div><\/div><\/div><\/div><\/div><\/div><\/div><\/div><\/div><\/div>","protected":false},"excerpt":{"rendered":"David Armando Mellado Zamudio asociado Licenciado en Derecho con menci\u00f3n honor\u00edfica por la Facultad de Derecho de la Universidad Nacional Aut\u00f3noma de M\u00e9xico. Experiencia profesional de m\u00e1s de 9 a\u00f1os enfocada principalmente en litigio civil, mercantil y amparo, as\u00ed como en el sector financiero. david.mellado@forpem.com...","protected":false},"author":1,"featured_media":0,"parent":0,"menu_order":0,"comment_status":"closed","ping_status":"closed","template":"full_width.php","meta":[],"_links":{"self":[{"href":"https:\/\/forpem.com\/en\/wp-json\/wp\/v2\/pages\/1684"}],"collection":[{"href":"https:\/\/forpem.com\/en\/wp-json\/wp\/v2\/pages"}],"about":[{"href":"https:\/\/forpem.com\/en\/wp-json\/wp\/v2\/types\/page"}],"author":[{"embeddable":true,"href":"https:\/\/forpem.com\/en\/wp-json\/wp\/v2\/users\/1"}],"replies":[{"embeddable":true,"href":"https:\/\/forpem.com\/en\/wp-json\/wp\/v2\/comments?post=1684"}],"version-history":[{"count":9,"href":"https:\/\/forpem.com\/en\/wp-json\/wp\/v2\/pages\/1684\/revisions"}],"predecessor-version":[{"id":2171,"href":"https:\/\/forpem.com\/en\/wp-json\/wp\/v2\/pages\/1684\/revisions\/2171"}],"wp:attachment":[{"href":"https:\/\/forpem.com\/en\/wp-json\/wp\/v2\/media?parent=1684"}],"curies":[{"name":"wp","href":"https:\/\/api.w.org\/{rel}","templated":true}]}}